{"id":76,"date":"2019-12-05T17:31:41","date_gmt":"2019-12-05T16:31:41","guid":{"rendered":"http:\/\/ideehorizon.fr\/?page_id=76"},"modified":"2019-12-05T17:31:41","modified_gmt":"2019-12-05T16:31:41","slug":"contact","status":"publish","type":"page","link":"https:\/\/ideehorizon.fr\/index.php\/contact\/","title":{"rendered":"Contact"},"content":{"rendered":"\n<p>N&#8217;h\u00e9sitez pas \u00e0 nous envoyer un message pour nous informer sur un \u00e9v\u00e8nement ou un sujet que vous souhaiteriez que nous traitions sur le site.<\/p>\n\n\n<div role=\"form\" class=\"wpcf7\" id=\"wpcf7-f80-o1\" lang=\"en-US\" dir=\"ltr\">\n<div class=\"screen-reader-response\"><p role=\"status\" aria-live=\"polite\" aria-atomic=\"true\"><\/p> <ul><\/ul><\/div>\n<form action=\"\/index.php\/wp-json\/wp\/v2\/pages\/76#wpcf7-f80-o1\" method=\"post\" class=\"wpcf7-form init\" novalidate=\"novalidate\" data-status=\"init\">\n<div style=\"display: none;\">\n<input type=\"hidden\" name=\"_wpcf7\" value=\"80\" \/>\n<input type=\"hidden\" name=\"_wpcf7_version\" value=\"5.5.2\" \/>\n<input type=\"hidden\" name=\"_wpcf7_locale\" value=\"en_US\" \/>\n<input type=\"hidden\" name=\"_wpcf7_unit_tag\" value=\"wpcf7-f80-o1\" \/>\n<input type=\"hidden\" name=\"_wpcf7_container_post\" value=\"0\" \/>\n<input type=\"hidden\" name=\"_wpcf7_posted_data_hash\" value=\"\" \/>\n<\/div>\n<p><label> Votre nom (requis)<br \/>\n    <span class=\"wpcf7-form-control-wrap your-name\"><input type=\"text\" name=\"your-name\" value=\"\" size=\"40\" class=\"wpcf7-form-control wpcf7-text wpcf7-validates-as-required\" aria-required=\"true\" aria-invalid=\"false\" \/><\/span> <\/label><\/p>\n<p><label> Votre email (requis)<br \/>\n    <span class=\"wpcf7-form-control-wrap your-email\"><input type=\"email\" name=\"your-email\" value=\"\" size=\"40\" class=\"wpcf7-form-control wpcf7-text wpcf7-email wpcf7-validates-as-required wpcf7-validates-as-email\" aria-required=\"true\" aria-invalid=\"false\" \/><\/span> <\/label><\/p>\n<p><label> Sujet (requis)<br \/>\n    <span class=\"wpcf7-form-control-wrap your-subject\"><input type=\"text\" name=\"your-subject\" value=\"\" size=\"40\" class=\"wpcf7-form-control wpcf7-text wpcf7-validates-as-required\" aria-required=\"true\" aria-invalid=\"false\" \/><\/span> <\/label><\/p>\n<p><label> Votre message (requis)<br \/>\n    <span class=\"wpcf7-form-control-wrap your-message\"><textarea name=\"your-message\" cols=\"40\" rows=\"10\" class=\"wpcf7-form-control wpcf7-textarea wpcf7-validates-as-required\" aria-required=\"true\" aria-invalid=\"false\"><\/textarea><\/span> <\/label><\/p>\n<p><input type=\"submit\" value=\"Envoyer\" class=\"wpcf7-form-control has-spinner wpcf7-submit\" \/><\/p>\n<p style=\"display: none !important;\"><label>&#916;<textarea name=\"_wpcf7_ak_hp_textarea\" cols=\"45\" rows=\"8\" maxlength=\"100\"><\/textarea><\/label><input type=\"hidden\" id=\"ak_js_1\" name=\"_wpcf7_ak_js\" value=\"31\"\/><script>document.getElementById( \"ak_js_1\" ).setAttribute( \"value\", ( new Date() ).getTime() );<\/script><\/p><div class=\"wpcf7-response-output\" aria-hidden=\"true\"><\/div><\/form><\/div>\n\n\n\n<p><\/p>\n","protected":false},"excerpt":{"rendered":"<p>N&#8217;h\u00e9sitez pas \u00e0 nous envoyer un message pour nous informer sur un \u00e9v\u00e8nement ou un sujet que vous souhaiteriez que<\/p>\n","protected":false},"author":1,"featured_media":0,"parent":0,"menu_order":0,"comment_status":"closed","ping_status":"closed","template":"","meta":{"advgb_blocks_editor_width":"","advgb_blocks_columns_visual_guide":"","_monsterinsights_skip_tracking":false,"_monsterinsights_sitenote_active":false,"_monsterinsights_sitenote_note":"","_monsterinsights_sitenote_category":0},"yoast_head":"<!-- This site is optimized with the Yoast SEO plugin v17.5 - https:\/\/yoast.com\/wordpress\/plugins\/seo\/ -->\n<title>Contact - Des id\u00e9es pour l&#039;horizon<\/title>\n<meta name=\"robots\" content=\"index, follow, max-snippet:-1, max-image-preview:large, max-video-preview:-1\" \/>\n<link rel=\"canonical\" href=\"http:\/\/ideehorizon.fr\/index.php\/contact\/\" \/>\n<meta property=\"og:locale\" content=\"fr_FR\" \/>\n<meta property=\"og:type\" content=\"article\" \/>\n<meta property=\"og:title\" content=\"Contact - Des id\u00e9es pour l&#039;horizon\" \/>\n<meta property=\"og:description\" content=\"N&#8217;h\u00e9sitez pas \u00e0 nous envoyer un message pour nous informer sur un \u00e9v\u00e8nement ou un sujet que vous souhaiteriez que\" \/>\n<meta property=\"og:url\" content=\"http:\/\/ideehorizon.fr\/index.php\/contact\/\" \/>\n<meta property=\"og:site_name\" content=\"Des id\u00e9es pour l&#039;horizon\" \/>\n<meta name=\"twitter:card\" content=\"summary_large_image\" \/>\n<script type=\"application\/ld+json\" class=\"yoast-schema-graph\">{\"@context\":\"https:\/\/schema.org\",\"@graph\":[{\"@type\":\"Organization\",\"@id\":\"https:\/\/ideehorizon.fr\/#organization\",\"name\":\"Id\\u00e9e Horizon\",\"url\":\"https:\/\/ideehorizon.fr\/\",\"sameAs\":[],\"logo\":{\"@type\":\"ImageObject\",\"@id\":\"https:\/\/ideehorizon.fr\/#logo\",\"inLanguage\":\"fr-FR\",\"url\":\"http:\/\/ideehorizon.fr\/wp-content\/uploads\/2020\/07\/Logo-IdeeHorizon.jpg\",\"contentUrl\":\"http:\/\/ideehorizon.fr\/wp-content\/uploads\/2020\/07\/Logo-IdeeHorizon.jpg\",\"width\":146,\"height\":96,\"caption\":\"Id\\u00e9e Horizon\"},\"image\":{\"@id\":\"https:\/\/ideehorizon.fr\/#logo\"}},{\"@type\":\"WebSite\",\"@id\":\"https:\/\/ideehorizon.fr\/#website\",\"url\":\"https:\/\/ideehorizon.fr\/\",\"name\":\"Des id\\u00e9es pour l&#039;horizon\",\"description\":\"Imaginons un futur souhaitable\",\"publisher\":{\"@id\":\"https:\/\/ideehorizon.fr\/#organization\"},\"potentialAction\":[{\"@type\":\"SearchAction\",\"target\":{\"@type\":\"EntryPoint\",\"urlTemplate\":\"https:\/\/ideehorizon.fr\/?s={search_term_string}\"},\"query-input\":\"required name=search_term_string\"}],\"inLanguage\":\"fr-FR\"},{\"@type\":\"WebPage\",\"@id\":\"http:\/\/ideehorizon.fr\/index.php\/contact\/#webpage\",\"url\":\"http:\/\/ideehorizon.fr\/index.php\/contact\/\",\"name\":\"Contact - Des id\\u00e9es pour l&#039;horizon\",\"isPartOf\":{\"@id\":\"https:\/\/ideehorizon.fr\/#website\"},\"datePublished\":\"2019-12-05T16:31:41+00:00\",\"dateModified\":\"2019-12-05T16:31:41+00:00\",\"breadcrumb\":{\"@id\":\"http:\/\/ideehorizon.fr\/index.php\/contact\/#breadcrumb\"},\"inLanguage\":\"fr-FR\",\"potentialAction\":[{\"@type\":\"ReadAction\",\"target\":[\"http:\/\/ideehorizon.fr\/index.php\/contact\/\"]}]},{\"@type\":\"BreadcrumbList\",\"@id\":\"http:\/\/ideehorizon.fr\/index.php\/contact\/#breadcrumb\",\"itemListElement\":[{\"@type\":\"ListItem\",\"position\":1,\"name\":\"Accueil\",\"item\":\"https:\/\/ideehorizon.fr\/\"},{\"@type\":\"ListItem\",\"position\":2,\"name\":\"Contact\"}]}]}<\/script>\n<!-- \/ Yoast SEO plugin. -->","yoast_head_json":{"title":"Contact - Des id\u00e9es pour l&#039;horizon","robots":{"index":"index","follow":"follow","max-snippet":"max-snippet:-1","max-image-preview":"max-image-preview:large","max-video-preview":"max-video-preview:-1"},"canonical":"http:\/\/ideehorizon.fr\/index.php\/contact\/","og_locale":"fr_FR","og_type":"article","og_title":"Contact - Des id\u00e9es pour l&#039;horizon","og_description":"N&#8217;h\u00e9sitez pas \u00e0 nous envoyer un message pour nous informer sur un \u00e9v\u00e8nement ou un sujet que vous souhaiteriez que","og_url":"http:\/\/ideehorizon.fr\/index.php\/contact\/","og_site_name":"Des id\u00e9es pour l&#039;horizon","twitter_card":"summary_large_image","schema":{"@context":"https:\/\/schema.org","@graph":[{"@type":"Organization","@id":"https:\/\/ideehorizon.fr\/#organization","name":"Id\u00e9e Horizon","url":"https:\/\/ideehorizon.fr\/","sameAs":[],"logo":{"@type":"ImageObject","@id":"https:\/\/ideehorizon.fr\/#logo","inLanguage":"fr-FR","url":"http:\/\/ideehorizon.fr\/wp-content\/uploads\/2020\/07\/Logo-IdeeHorizon.jpg","contentUrl":"http:\/\/ideehorizon.fr\/wp-content\/uploads\/2020\/07\/Logo-IdeeHorizon.jpg","width":146,"height":96,"caption":"Id\u00e9e Horizon"},"image":{"@id":"https:\/\/ideehorizon.fr\/#logo"}},{"@type":"WebSite","@id":"https:\/\/ideehorizon.fr\/#website","url":"https:\/\/ideehorizon.fr\/","name":"Des id\u00e9es pour l&#039;horizon","description":"Imaginons un futur souhaitable","publisher":{"@id":"https:\/\/ideehorizon.fr\/#organization"},"potentialAction":[{"@type":"SearchAction","target":{"@type":"EntryPoint","urlTemplate":"https:\/\/ideehorizon.fr\/?s={search_term_string}"},"query-input":"required name=search_term_string"}],"inLanguage":"fr-FR"},{"@type":"WebPage","@id":"http:\/\/ideehorizon.fr\/index.php\/contact\/#webpage","url":"http:\/\/ideehorizon.fr\/index.php\/contact\/","name":"Contact - Des id\u00e9es pour l&#039;horizon","isPartOf":{"@id":"https:\/\/ideehorizon.fr\/#website"},"datePublished":"2019-12-05T16:31:41+00:00","dateModified":"2019-12-05T16:31:41+00:00","breadcrumb":{"@id":"http:\/\/ideehorizon.fr\/index.php\/contact\/#breadcrumb"},"inLanguage":"fr-FR","potentialAction":[{"@type":"ReadAction","target":["http:\/\/ideehorizon.fr\/index.php\/contact\/"]}]},{"@type":"BreadcrumbList","@id":"http:\/\/ideehorizon.fr\/index.php\/contact\/#breadcrumb","itemListElement":[{"@type":"ListItem","position":1,"name":"Accueil","item":"https:\/\/ideehorizon.fr\/"},{"@type":"ListItem","position":2,"name":"Contact"}]}]}},"coauthors":[],"author_meta":{"author_link":"https:\/\/ideehorizon.fr\/index.php\/author\/admin1885\/","display_name":"Jerome"},"relative_dates":{"created":"Posted 6 ans ago","modified":"Updated 6 ans ago"},"absolute_dates":{"created":"Posted on 05\/12\/2019","modified":"Updated on 05\/12\/2019"},"absolute_dates_time":{"created":"Posted on 05\/12\/2019 17:31","modified":"Updated on 05\/12\/2019 17:31"},"featured_img_caption":"","featured_img":false,"uagb_featured_image_src":{"full":false,"thumbnail":false,"medium":false,"medium_large":false,"large":false,"1536x1536":false,"2048x2048":false,"post-thumbnail":false,"wellington-slider-image":false,"wellington-thumbnail-small":false,"wellington-thumbnail-medium":false,"wellington-thumbnail-large":false,"mailpoet_newsletter_max":false},"uagb_author_info":{"display_name":"Jerome","author_link":"https:\/\/ideehorizon.fr\/index.php\/author\/admin1885\/"},"uagb_comment_info":0,"uagb_excerpt":"N&#8217;h\u00e9sitez pas \u00e0 nous envoyer un message pour nous informer sur un \u00e9v\u00e8nement ou un sujet que vous souhaiteriez que","_links":{"self":[{"href":"https:\/\/ideehorizon.fr\/index.php\/wp-json\/wp\/v2\/pages\/76"}],"collection":[{"href":"https:\/\/ideehorizon.fr\/index.php\/wp-json\/wp\/v2\/pages"}],"about":[{"href":"https:\/\/ideehorizon.fr\/index.php\/wp-json\/wp\/v2\/types\/page"}],"author":[{"embeddable":true,"href":"https:\/\/ideehorizon.fr\/index.php\/wp-json\/wp\/v2\/users\/1"}],"replies":[{"embeddable":true,"href":"https:\/\/ideehorizon.fr\/index.php\/wp-json\/wp\/v2\/comments?post=76"}],"version-history":[{"count":2,"href":"https:\/\/ideehorizon.fr\/index.php\/wp-json\/wp\/v2\/pages\/76\/revisions"}],"predecessor-version":[{"id":81,"href":"https:\/\/ideehorizon.fr\/index.php\/wp-json\/wp\/v2\/pages\/76\/revisions\/81"}],"wp:attachment":[{"href":"https:\/\/ideehorizon.fr\/index.php\/wp-json\/wp\/v2\/media?parent=76"}],"curies":[{"name":"wp","href":"https:\/\/api.w.org\/{rel}","templated":true}]}}